{"id":11630,"date":"2025-08-25T15:11:55","date_gmt":"2025-08-25T19:11:55","guid":{"rendered":"https:\/\/banquesalimentaires.org\/chacun-de-vos-dons-aide-pour-vrai\/"},"modified":"2025-10-27T14:02:30","modified_gmt":"2025-10-27T18:02:30","slug":"every-donation-truly-helps","status":"publish","type":"page","link":"https:\/\/banquesalimentaires.org\/en\/every-donation-truly-helps\/","title":{"rendered":"Every donation truly helps"},"content":{"rendered":"","protected":false},"excerpt":{"rendered":"","protected":false},"author":2,"featured_media":11591,"parent":0,"menu_order":0,"comment_status":"closed","ping_status":"closed","template":"","meta":{"_acf_changed":false,"ngg_post_thumbnail":0,"footnotes":""},"class_list":["post-11630","page","type-page","status-publish","has-post-thumbnail","hentry","entry"],"acf":[],"yoast_head":"<!-- This site is optimized with the Yoast SEO plugin v26.3 - https:\/\/yoast.com\/wordpress\/plugins\/seo\/ -->\n<title>Every donation truly helps - Banques alimentaires du Qu\u00e9bec<\/title>\n<meta name=\"description\" content=\"Listen to and share Sonia\u2019s voice message. The Food banks of Quebec network supports people facing food insecurity\" \/>\n<meta name=\"robots\" content=\"index, follow, max-snippet:-1, max-image-preview:large, max-video-preview:-1\" \/>\n<link rel=\"canonical\" href=\"https:\/\/banquesalimentaires.org\/en\/every-donation-truly-helps\/\" \/>\n<meta property=\"og:locale\" content=\"en_US\" \/>\n<meta property=\"og:type\" content=\"article\" \/>\n<meta property=\"og:title\" content=\"Every donation truly helps - Banques alimentaires du Qu\u00e9bec\" \/>\n<meta property=\"og:description\" content=\"Listen to and share Sonia\u2019s voice message. The Food banks of Quebec network supports people facing food insecurity\" \/>\n<meta property=\"og:url\" content=\"https:\/\/banquesalimentaires.org\/en\/every-donation-truly-helps\/\" \/>\n<meta property=\"og:site_name\" content=\"Banques alimentaires du Qu\u00e9bec\" \/>\n<meta property=\"article:publisher\" content=\"https:\/\/www.facebook.com\/BanquesalimentairesduQuebec\" \/>\n<meta property=\"article:modified_time\" content=\"2025-10-27T18:02:30+00:00\" \/>\n<meta property=\"og:image\" content=\"https:\/\/banquesalimentaires.org\/wp-content\/uploads\/2025\/08\/3619-BaQ-vignette-sanslogo.png\" \/>\n\t<meta property=\"og:image:width\" content=\"1920\" \/>\n\t<meta property=\"og:image:height\" content=\"1080\" \/>\n\t<meta property=\"og:image:type\" content=\"image\/png\" \/>\n<meta name=\"twitter:card\" content=\"summary_large_image\" \/>\n<meta name=\"twitter:site\" content=\"@BalimentairesQC\" \/>\n<meta name=\"twitter:label1\" content=\"Est. reading time\" \/>\n\t<meta name=\"twitter:data1\" content=\"1 minute\" \/>\n<script type=\"application\/ld+json\" class=\"yoast-schema-graph\">{\"@context\":\"https:\/\/schema.org\",\"@graph\":[{\"@type\":\"WebPage\",\"@id\":\"https:\/\/banquesalimentaires.org\/en\/every-donation-truly-helps\/\",\"url\":\"https:\/\/banquesalimentaires.org\/en\/every-donation-truly-helps\/\",\"name\":\"Every donation truly helps - Banques alimentaires du Qu\u00e9bec\",\"isPartOf\":{\"@id\":\"https:\/\/banquesalimentaires.org\/#website\"},\"primaryImageOfPage\":{\"@id\":\"https:\/\/banquesalimentaires.org\/en\/every-donation-truly-helps\/#primaryimage\"},\"image\":{\"@id\":\"https:\/\/banquesalimentaires.org\/en\/every-donation-truly-helps\/#primaryimage\"},\"thumbnailUrl\":\"https:\/\/banquesalimentaires.org\/wp-content\/uploads\/2025\/08\/3619-BaQ-vignette-sanslogo.png\",\"datePublished\":\"2025-08-25T19:11:55+00:00\",\"dateModified\":\"2025-10-27T18:02:30+00:00\",\"description\":\"Listen to and share Sonia\u2019s voice message. The Food banks of Quebec network supports people facing food insecurity\",\"breadcrumb\":{\"@id\":\"https:\/\/banquesalimentaires.org\/en\/every-donation-truly-helps\/#breadcrumb\"},\"inLanguage\":\"en-US\",\"potentialAction\":[{\"@type\":\"ReadAction\",\"target\":[\"https:\/\/banquesalimentaires.org\/en\/every-donation-truly-helps\/\"]}]},{\"@type\":\"ImageObject\",\"inLanguage\":\"en-US\",\"@id\":\"https:\/\/banquesalimentaires.org\/en\/every-donation-truly-helps\/#primaryimage\",\"url\":\"https:\/\/banquesalimentaires.org\/wp-content\/uploads\/2025\/08\/3619-BaQ-vignette-sanslogo.png\",\"contentUrl\":\"https:\/\/banquesalimentaires.org\/wp-content\/uploads\/2025\/08\/3619-BaQ-vignette-sanslogo.png\",\"width\":1920,\"height\":1080},{\"@type\":\"BreadcrumbList\",\"@id\":\"https:\/\/banquesalimentaires.org\/en\/every-donation-truly-helps\/#breadcrumb\",\"itemListElement\":[{\"@type\":\"ListItem\",\"position\":1,\"name\":\"Accueil\",\"item\":\"https:\/\/banquesalimentaires.org\/en\/\"},{\"@type\":\"ListItem\",\"position\":2,\"name\":\"Every donation truly helps\"}]},{\"@type\":\"WebSite\",\"@id\":\"https:\/\/banquesalimentaires.org\/#website\",\"url\":\"https:\/\/banquesalimentaires.org\/\",\"name\":\"Banques alimentaires du Qu\u00e9bec\",\"description\":\"R\u00e9cup\u00e9rer. Partager. Nourrir. Ensemble.\",\"publisher\":{\"@id\":\"https:\/\/banquesalimentaires.org\/#organization\"},\"alternateName\":\"BAQ\",\"potentialAction\":[{\"@type\":\"SearchAction\",\"target\":{\"@type\":\"EntryPoint\",\"urlTemplate\":\"https:\/\/banquesalimentaires.org\/?s={search_term_string}\"},\"query-input\":{\"@type\":\"PropertyValueSpecification\",\"valueRequired\":true,\"valueName\":\"search_term_string\"}}],\"inLanguage\":\"en-US\"},{\"@type\":\"Organization\",\"@id\":\"https:\/\/banquesalimentaires.org\/#organization\",\"name\":\"Banques alimentaires du Qu\u00e9bec\",\"alternateName\":\"BAQ\",\"url\":\"https:\/\/banquesalimentaires.org\/\",\"logo\":{\"@type\":\"ImageObject\",\"inLanguage\":\"en-US\",\"@id\":\"https:\/\/banquesalimentaires.org\/#\/schema\/logo\/image\/\",\"url\":\"https:\/\/banquesalimentaires.org\/wp-content\/uploads\/2024\/04\/BAQ_Logo_Icone.svg\",\"contentUrl\":\"https:\/\/banquesalimentaires.org\/wp-content\/uploads\/2024\/04\/BAQ_Logo_Icone.svg\",\"width\":1,\"height\":1,\"caption\":\"Banques alimentaires du Qu\u00e9bec\"},\"image\":{\"@id\":\"https:\/\/banquesalimentaires.org\/#\/schema\/logo\/image\/\"},\"sameAs\":[\"https:\/\/www.facebook.com\/BanquesalimentairesduQuebec\",\"https:\/\/x.com\/BalimentairesQC\",\"https:\/\/www.linkedin.com\/company\/banquesalimentairesduquebec\",\"https:\/\/www.youtube.com\/@BanquesalimentairesduQuebec\"]}]}<\/script>\n<!-- \/ Yoast SEO plugin. -->","yoast_head_json":{"title":"Every donation truly helps - Banques alimentaires du Qu\u00e9bec","description":"Listen to and share Sonia\u2019s voice message. The Food banks of Quebec network supports people facing food insecurity","robots":{"index":"index","follow":"follow","max-snippet":"max-snippet:-1","max-image-preview":"max-image-preview:large","max-video-preview":"max-video-preview:-1"},"canonical":"https:\/\/banquesalimentaires.org\/en\/every-donation-truly-helps\/","og_locale":"en_US","og_type":"article","og_title":"Every donation truly helps - Banques alimentaires du Qu\u00e9bec","og_description":"Listen to and share Sonia\u2019s voice message. The Food banks of Quebec network supports people facing food insecurity","og_url":"https:\/\/banquesalimentaires.org\/en\/every-donation-truly-helps\/","og_site_name":"Banques alimentaires du Qu\u00e9bec","article_publisher":"https:\/\/www.facebook.com\/BanquesalimentairesduQuebec","article_modified_time":"2025-10-27T18:02:30+00:00","og_image":[{"width":1920,"height":1080,"url":"https:\/\/banquesalimentaires.org\/wp-content\/uploads\/2025\/08\/3619-BaQ-vignette-sanslogo.png","type":"image\/png"}],"twitter_card":"summary_large_image","twitter_site":"@BalimentairesQC","twitter_misc":{"Est. reading time":"1 minute"},"schema":{"@context":"https:\/\/schema.org","@graph":[{"@type":"WebPage","@id":"https:\/\/banquesalimentaires.org\/en\/every-donation-truly-helps\/","url":"https:\/\/banquesalimentaires.org\/en\/every-donation-truly-helps\/","name":"Every donation truly helps - Banques alimentaires du Qu\u00e9bec","isPartOf":{"@id":"https:\/\/banquesalimentaires.org\/#website"},"primaryImageOfPage":{"@id":"https:\/\/banquesalimentaires.org\/en\/every-donation-truly-helps\/#primaryimage"},"image":{"@id":"https:\/\/banquesalimentaires.org\/en\/every-donation-truly-helps\/#primaryimage"},"thumbnailUrl":"https:\/\/banquesalimentaires.org\/wp-content\/uploads\/2025\/08\/3619-BaQ-vignette-sanslogo.png","datePublished":"2025-08-25T19:11:55+00:00","dateModified":"2025-10-27T18:02:30+00:00","description":"Listen to and share Sonia\u2019s voice message. The Food banks of Quebec network supports people facing food insecurity","breadcrumb":{"@id":"https:\/\/banquesalimentaires.org\/en\/every-donation-truly-helps\/#breadcrumb"},"inLanguage":"en-US","potentialAction":[{"@type":"ReadAction","target":["https:\/\/banquesalimentaires.org\/en\/every-donation-truly-helps\/"]}]},{"@type":"ImageObject","inLanguage":"en-US","@id":"https:\/\/banquesalimentaires.org\/en\/every-donation-truly-helps\/#primaryimage","url":"https:\/\/banquesalimentaires.org\/wp-content\/uploads\/2025\/08\/3619-BaQ-vignette-sanslogo.png","contentUrl":"https:\/\/banquesalimentaires.org\/wp-content\/uploads\/2025\/08\/3619-BaQ-vignette-sanslogo.png","width":1920,"height":1080},{"@type":"BreadcrumbList","@id":"https:\/\/banquesalimentaires.org\/en\/every-donation-truly-helps\/#breadcrumb","itemListElement":[{"@type":"ListItem","position":1,"name":"Accueil","item":"https:\/\/banquesalimentaires.org\/en\/"},{"@type":"ListItem","position":2,"name":"Every donation truly helps"}]},{"@type":"WebSite","@id":"https:\/\/banquesalimentaires.org\/#website","url":"https:\/\/banquesalimentaires.org\/","name":"Banques alimentaires du Qu\u00e9bec","description":"R\u00e9cup\u00e9rer. Partager. Nourrir. Ensemble.","publisher":{"@id":"https:\/\/banquesalimentaires.org\/#organization"},"alternateName":"BAQ","potentialAction":[{"@type":"SearchAction","target":{"@type":"EntryPoint","urlTemplate":"https:\/\/banquesalimentaires.org\/?s={search_term_string}"},"query-input":{"@type":"PropertyValueSpecification","valueRequired":true,"valueName":"search_term_string"}}],"inLanguage":"en-US"},{"@type":"Organization","@id":"https:\/\/banquesalimentaires.org\/#organization","name":"Banques alimentaires du Qu\u00e9bec","alternateName":"BAQ","url":"https:\/\/banquesalimentaires.org\/","logo":{"@type":"ImageObject","inLanguage":"en-US","@id":"https:\/\/banquesalimentaires.org\/#\/schema\/logo\/image\/","url":"https:\/\/banquesalimentaires.org\/wp-content\/uploads\/2024\/04\/BAQ_Logo_Icone.svg","contentUrl":"https:\/\/banquesalimentaires.org\/wp-content\/uploads\/2024\/04\/BAQ_Logo_Icone.svg","width":1,"height":1,"caption":"Banques alimentaires du Qu\u00e9bec"},"image":{"@id":"https:\/\/banquesalimentaires.org\/#\/schema\/logo\/image\/"},"sameAs":["https:\/\/www.facebook.com\/BanquesalimentairesduQuebec","https:\/\/x.com\/BalimentairesQC","https:\/\/www.linkedin.com\/company\/banquesalimentairesduquebec","https:\/\/www.youtube.com\/@BanquesalimentairesduQuebec"]}]}},"_links":{"self":[{"href":"https:\/\/banquesalimentaires.org\/en\/wp-json\/wp\/v2\/pages\/11630","targetHints":{"allow":["GET"]}}],"collection":[{"href":"https:\/\/banquesalimentaires.org\/en\/wp-json\/wp\/v2\/pages"}],"about":[{"href":"https:\/\/banquesalimentaires.org\/en\/wp-json\/wp\/v2\/types\/page"}],"author":[{"embeddable":true,"href":"https:\/\/banquesalimentaires.org\/en\/wp-json\/wp\/v2\/users\/2"}],"replies":[{"embeddable":true,"href":"https:\/\/banquesalimentaires.org\/en\/wp-json\/wp\/v2\/comments?post=11630"}],"version-history":[{"count":15,"href":"https:\/\/banquesalimentaires.org\/en\/wp-json\/wp\/v2\/pages\/11630\/revisions"}],"predecessor-version":[{"id":11913,"href":"https:\/\/banquesalimentaires.org\/en\/wp-json\/wp\/v2\/pages\/11630\/revisions\/11913"}],"wp:featuredmedia":[{"embeddable":true,"href":"https:\/\/banquesalimentaires.org\/en\/wp-json\/wp\/v2\/media\/11591"}],"wp:attachment":[{"href":"https:\/\/banquesalimentaires.org\/en\/wp-json\/wp\/v2\/media?parent=11630"}],"curies":[{"name":"wp","href":"https:\/\/api.w.org\/{rel}","templated":true}]}}